{"id":145,"date":"2023-11-15T10:39:19","date_gmt":"2023-11-15T10:39:19","guid":{"rendered":"http:\/\/cropclean.com\/int\/?page_id=145"},"modified":"2024-02-28T10:46:29","modified_gmt":"2024-02-28T10:46:29","slug":"beclean","status":"publish","type":"page","link":"https:\/\/www.cropclean.com\/int\/beclean\/","title":{"rendered":"BeClean"},"content":{"rendered":"\t\t<div data-elementor-type=\"wp-page\" data-elementor-id=\"145\" class=\"elementor elementor-145\">\n\t\t\t\t<div class=\"elementor-element elementor-element-12227f3 e-con-full e-flex e-con e-parent\" data-id=\"12227f3\" data-element_type=\"container\" data-settings=\"{&quot;content_width&quot;:&quot;full&quot;,&quot;background_background&quot;:&quot;classic&quot;,&quot;container_type&quot;:&quot;flex&quot;}\" data-core-v316-plus=\"true\">\n\t\t<div class=\"elementor-element elementor-element-e1038cc e-con-full container mx-auto e-flex e-con e-child\" data-id=\"e1038cc\" data-element_type=\"container\" data-settings=\"{&quot;background_background&quot;:&quot;classic&quot;,&quot;content_width&quot;:&quot;full&quot;,&quot;container_type&quot;:&quot;flex&quot;}\">\n\t\t\t\t<div class=\"elementor-element elementor-element-8bb62af elementor-widget elementor-widget-shortcode\" data-id=\"8bb62af\" data-element_type=\"widget\" data-widget_type=\"shortcode.default\">\n\t\t\t\t<div class=\"elementor-widget-container\">\n\t\t\t\t\t<div class=\"elementor-shortcode\"><div  class='crop-clean-grid-title'><span style='background: #9567A7' class='left-line'><\/span><div style='color: #000'  class='crop-clean-title-content'><h2> NUESTRA MISI\u00d3N ES PRESERVAR EL PLANETA <\/h2><\/div><span  style='background: #9567A7' class='right-line'><\/span><\/div><\/div>\n\t\t\t\t<\/div>\n\t\t\t\t<\/div>\n\t\t\t\t<\/div>\n\t\t\t\t<\/div>\n\t\t<div class=\"elementor-element elementor-element-d3df52e e-con-full container mx-auto e-flex e-con e-parent\" data-id=\"d3df52e\" data-element_type=\"container\" data-settings=\"{&quot;content_width&quot;:&quot;full&quot;,&quot;container_type&quot;:&quot;flex&quot;}\" data-core-v316-plus=\"true\">\n\t\t\t\t<div class=\"elementor-element elementor-element-8af148d elementor-widget__width-initial elementor-widget elementor-widget-text-editor\" data-id=\"8af148d\" data-element_type=\"widget\" data-widget_type=\"text-editor.default\">\n\t\t\t\t<div class=\"elementor-widget-container\">\n\t\t\t<style>\/*! elementor - v3.19.0 - 26-02-2024 *\/\n.elementor-widget-text-editor.elementor-drop-cap-view-stacked .elementor-drop-cap{background-color:#69727d;color:#fff}.elementor-widget-text-editor.elementor-drop-cap-view-framed .elementor-drop-cap{color:#69727d;border:3px solid;background-color:transparent}.elementor-widget-text-editor:not(.elementor-drop-cap-view-default) .elementor-drop-cap{margin-top:8px}.elementor-widget-text-editor:not(.elementor-drop-cap-view-default) .elementor-drop-cap-letter{width:1em;height:1em}.elementor-widget-text-editor .elementor-drop-cap{float:left;text-align:center;line-height:1;font-size:50px}.elementor-widget-text-editor .elementor-drop-cap-letter{display:inline-block}<\/style>\t\t\t\t<p>La cantidad actual de residuos en nuestro mundo es un hecho muy preocupante para todos. Este problema est\u00e1 afectando a toda la humanidad y a todos los ecosistemas del planeta, siendo cada d\u00eda m\u00e1s urgente realizar acciones para reducir el problema actual e intentar disminuir el consumo de recursos actuales que derivar\u00e1n en futuros residuos.<\/p>\t\t\t\t\t\t<\/div>\n\t\t\t\t<\/div>\n\t\t\t\t<\/div>\n\t\t<div class=\"elementor-element elementor-element-b1f3e3e e-con-full crop-clean-default-mt crop-clean-two-cols-responsive e-flex e-con e-parent\" data-id=\"b1f3e3e\" data-element_type=\"container\" data-settings=\"{&quot;content_width&quot;:&quot;full&quot;,&quot;container_type&quot;:&quot;flex&quot;}\" data-core-v316-plus=\"true\">\n\t\t<div class=\"elementor-element elementor-element-8aeada7 e-con-full e-flex e-con e-child\" data-id=\"8aeada7\" data-element_type=\"container\" data-settings=\"{&quot;content_width&quot;:&quot;full&quot;,&quot;background_background&quot;:&quot;classic&quot;,&quot;container_type&quot;:&quot;flex&quot;}\">\n\t\t\t\t<\/div>\n\t\t<div class=\"elementor-element elementor-element-0540687 e-con-full e-flex e-con e-child\" data-id=\"0540687\" data-element_type=\"container\" data-settings=\"{&quot;content_width&quot;:&quot;full&quot;,&quot;background_background&quot;:&quot;classic&quot;,&quot;container_type&quot;:&quot;flex&quot;}\">\n\t\t\t\t<div class=\"elementor-element elementor-element-4d0d2b8 elementor-widget__width-initial elementor-widget elementor-widget-text-editor\" data-id=\"4d0d2b8\" data-element_type=\"widget\" data-widget_type=\"text-editor.default\">\n\t\t\t\t<div class=\"elementor-widget-container\">\n\t\t\t\t\t\t\t<p><strong>CROPCLEAN<\/strong> inici\u00f3 su actividad con la intenci\u00f3n de reducir residuos en los cultivos y ha llegado el momento de expandir esa misi\u00f3n m\u00e1s all\u00e1 de los l\u00edmites de cada parcela agr\u00edcola, debemos pensar en todo el medio ambiente.<\/p>\n<p>Cualquier acci\u00f3n que contribuya a disminuir residuos a cualquier nivel es una acci\u00f3n por y para nuestro futuro, con beneficios inmediatos y para las generaciones venideras.<\/p>\t\t\t\t\t\t<\/div>\n\t\t\t\t<\/div>\n\t\t\t\t<\/div>\n\t\t\t\t<\/div>\n\t\t<div class=\"elementor-element elementor-element-986832f e-con-full crop-clean-default-mt e-flex e-con e-parent\" data-id=\"986832f\" data-element_type=\"container\" data-settings=\"{&quot;content_width&quot;:&quot;full&quot;,&quot;background_background&quot;:&quot;classic&quot;,&quot;container_type&quot;:&quot;flex&quot;}\" data-core-v316-plus=\"true\">\n\t\t<div class=\"elementor-element elementor-element-50e5b30 e-con-full container mx-auto e-flex e-con e-child\" data-id=\"50e5b30\" data-element_type=\"container\" data-settings=\"{&quot;background_background&quot;:&quot;classic&quot;,&quot;content_width&quot;:&quot;full&quot;,&quot;container_type&quot;:&quot;flex&quot;}\">\n\t\t\t\t<div class=\"elementor-element elementor-element-66270f5 elementor-widget elementor-widget-shortcode\" data-id=\"66270f5\" data-element_type=\"widget\" data-widget_type=\"shortcode.default\">\n\t\t\t\t<div class=\"elementor-widget-container\">\n\t\t\t\t\t<div class=\"elementor-shortcode\"><div  class='crop-clean-grid-title'><span style='background: #9567A7' class='left-line'><\/span><div style='color: #000'  class='crop-clean-title-content'><h2> NUESTRA MISSI\u00d3N ES PRESERVAR EL PLANETA <\/h2><\/div><span  style='background: #9567A7' class='right-line'><\/span><\/div><\/div>\n\t\t\t\t<\/div>\n\t\t\t\t<\/div>\n\t\t\t\t<\/div>\n\t\t\t\t<\/div>\n\t\t<div class=\"elementor-element elementor-element-9892a61 e-con-full crop-clean-default-mt be-clean-img-text  e-flex e-con e-parent\" data-id=\"9892a61\" data-element_type=\"container\" data-settings=\"{&quot;content_width&quot;:&quot;full&quot;,&quot;container_type&quot;:&quot;flex&quot;}\" data-core-v316-plus=\"true\">\n\t\t<div class=\"elementor-element elementor-element-e25b14d e-con-full e-flex e-con e-child\" data-id=\"e25b14d\" data-element_type=\"container\" data-settings=\"{&quot;content_width&quot;:&quot;full&quot;,&quot;container_type&quot;:&quot;flex&quot;}\">\n\t\t\t\t<div class=\"elementor-element elementor-element-31da933 elementor-widget__width-initial container elementor-widget elementor-widget-text-editor\" data-id=\"31da933\" data-element_type=\"widget\" data-widget_type=\"text-editor.default\">\n\t\t\t\t<div class=\"elementor-widget-container\">\n\t\t\t\t\t\t\tEl uso de sobres de aluminio permite reciclar el 100% del material con un bajo requerimiento energ\u00e9tico, a la vez que el coste de transporte del envase es muy bajo comparado con el pl\u00e1stico gracias a ser tan ligero. En nuestro cat\u00e1logo ya ten\u00edamos el <b>Nubi MZ Plus<\/b> que usaba este tipo de embalaje y se han incorporado dos productos nuevos siguiendo esta l\u00ednea: <b>Newsol<\/b> y <b>Wallfort.<\/b>\t\t\t\t\t\t<\/div>\n\t\t\t\t<\/div>\n\t\t\t\t<\/div>\n\t\t<div class=\"elementor-element elementor-element-2bcb785 e-con-full relative e-flex e-con e-child\" data-id=\"2bcb785\" data-element_type=\"container\" data-settings=\"{&quot;content_width&quot;:&quot;full&quot;,&quot;background_background&quot;:&quot;classic&quot;,&quot;container_type&quot;:&quot;flex&quot;}\">\n\t\t\t\t<div class=\"elementor-element elementor-element-0805c81 elementor-widget elementor-widget-image\" data-id=\"0805c81\" data-element_type=\"widget\" data-widget_type=\"image.default\">\n\t\t\t\t<div class=\"elementor-widget-container\">\n\t\t\t<style>\/*! elementor - v3.19.0 - 26-02-2024 *\/\n.elementor-widget-image{text-align:center}.elementor-widget-image a{display:inline-block}.elementor-widget-image a img[src$=\".svg\"]{width:48px}.elementor-widget-image img{vertical-align:middle;display:inline-block}<\/style>\t\t\t\t\t\t\t\t\t\t<img fetchpriority=\"high\" decoding=\"async\" width=\"897\" height=\"596\" src=\"https:\/\/www.cropclean.com\/int\/wp-content\/uploads\/2023\/11\/Grupo-32-1.png\" class=\"attachment-large size-large wp-image-151\" alt=\"Crop Clean\" srcset=\"https:\/\/www.cropclean.com\/int\/wp-content\/uploads\/2023\/11\/Grupo-32-1.png 897w, https:\/\/www.cropclean.com\/int\/wp-content\/uploads\/2023\/11\/Grupo-32-1-600x399.png 600w, https:\/\/www.cropclean.com\/int\/wp-content\/uploads\/2023\/11\/Grupo-32-1-300x199.png 300w\" sizes=\"(max-width: 897px) 100vw, 897px\" \/>\t\t\t\t\t\t\t\t\t\t\t\t\t<\/div>\n\t\t\t\t<\/div>\n\t\t\t\t<div class=\"elementor-element elementor-element-0dd2315 elementor-absolute be-clean-image elementor-widget elementor-widget-image\" data-id=\"0dd2315\" data-element_type=\"widget\" data-settings=\"{&quot;_position&quot;:&quot;absolute&quot;}\" data-widget_type=\"image.default\">\n\t\t\t\t<div class=\"elementor-widget-container\">\n\t\t\t\t\t\t\t\t\t\t\t\t\t<img decoding=\"async\" width=\"790\" height=\"773\" src=\"https:\/\/www.cropclean.com\/int\/wp-content\/uploads\/2023\/11\/sobres_alumini.png\" class=\"attachment-large size-large wp-image-156\" alt=\"Sobre Aluminio\" srcset=\"https:\/\/www.cropclean.com\/int\/wp-content\/uploads\/2023\/11\/sobres_alumini.png 790w, https:\/\/www.cropclean.com\/int\/wp-content\/uploads\/2023\/11\/sobres_alumini-600x587.png 600w, https:\/\/www.cropclean.com\/int\/wp-content\/uploads\/2023\/11\/sobres_alumini-300x294.png 300w\" sizes=\"(max-width: 790px) 100vw, 790px\" \/>\t\t\t\t\t\t\t\t\t\t\t\t\t<\/div>\n\t\t\t\t<\/div>\n\t\t\t\t<\/div>\n\t\t\t\t<\/div>\n\t\t<div class=\"elementor-element elementor-element-48470a4 e-con-full crop-clean-default-mt container mx-auto e-flex e-con e-parent\" data-id=\"48470a4\" data-element_type=\"container\" data-settings=\"{&quot;content_width&quot;:&quot;full&quot;,&quot;background_background&quot;:&quot;classic&quot;,&quot;container_type&quot;:&quot;flex&quot;}\" data-core-v316-plus=\"true\">\n\t\t<div class=\"elementor-element elementor-element-d58266e e-con-full e-flex e-con e-child\" data-id=\"d58266e\" data-element_type=\"container\" data-settings=\"{&quot;content_width&quot;:&quot;full&quot;,&quot;background_background&quot;:&quot;classic&quot;,&quot;container_type&quot;:&quot;flex&quot;}\">\n\t\t\t\t<div class=\"elementor-element elementor-element-f071891 elementor-widget elementor-widget-image\" data-id=\"f071891\" data-element_type=\"widget\" data-widget_type=\"image.default\">\n\t\t\t\t<div class=\"elementor-widget-container\">\n\t\t\t\t\t\t\t\t\t\t\t\t\t<img decoding=\"async\" width=\"209\" height=\"102\" src=\"https:\/\/www.cropclean.com\/int\/wp-content\/uploads\/2023\/11\/Grupo-172.png\" class=\"attachment-large size-large wp-image-163\" alt=\"Sin pl\u00e1stico - Crop Clean\" \/>\t\t\t\t\t\t\t\t\t\t\t\t\t<\/div>\n\t\t\t\t<\/div>\n\t\t\t\t<\/div>\n\t\t<div class=\"elementor-element elementor-element-a6a69e7 e-con-full e-flex e-con e-child\" data-id=\"a6a69e7\" data-element_type=\"container\" data-settings=\"{&quot;content_width&quot;:&quot;full&quot;,&quot;background_background&quot;:&quot;classic&quot;,&quot;container_type&quot;:&quot;flex&quot;}\">\n\t\t\t\t<div class=\"elementor-element elementor-element-ab6927b elementor-widget__width-initial elementor-widget elementor-widget-text-editor\" data-id=\"ab6927b\" data-element_type=\"widget\" data-widget_type=\"text-editor.default\">\n\t\t\t\t<div class=\"elementor-widget-container\">\n\t\t\t\t\t\t\tDentro de nuestro cat\u00e1logo hemos incorporado el logo <strong style='color: #9567A7'>PLASTIC FREE<\/strong>, para ayudar al consumidor a identificar estos productos y entre todos ser m\u00e1s <strong style='color: #9567A7'>#BeClean<\/strong> con el medio ambiente.\t\t\t\t\t\t<\/div>\n\t\t\t\t<\/div>\n\t\t\t\t<\/div>\n\t\t\t\t<\/div>\n\t\t\t\t<\/div>\n\t\t","protected":false},"excerpt":{"rendered":"<p>La cantidad actual de residuos en nuestro mundo es un hecho muy preocupante para todos. Este problema est\u00e1 afectando a toda la humanidad y a todos los ecosistemas del planeta, siendo cada d\u00eda m\u00e1s urgente realizar acciones para reducir el problema actual e intentar disminuir el consumo de recursos actuales que derivar\u00e1n en futuros residuos. <a href=\"https:\/\/www.cropclean.com\/int\/beclean\/\" class=\"more-link\">&#8230;<span class=\"screen-reader-text\">  BeClean<\/span><\/a><\/p>\n","protected":false},"author":1,"featured_media":0,"parent":0,"menu_order":0,"comment_status":"closed","ping_status":"closed","template":"","meta":{"inline_featured_image":false,"footnotes":""},"yoast_head":"<!-- This site is optimized with the Yoast SEO plugin v22.2 - https:\/\/yoast.com\/wordpress\/plugins\/seo\/ -->\n<title>BeClean - Crop Clean<\/title>\n<meta name=\"robots\" content=\"index, follow, max-snippet:-1, max-image-preview:large, max-video-preview:-1\" \/>\n<link rel=\"canonical\" href=\"https:\/\/www.cropclean.com\/int\/beclean\/\" \/>\n<meta property=\"og:locale\" content=\"es_ES\" \/>\n<meta property=\"og:type\" content=\"article\" \/>\n<meta property=\"og:title\" content=\"BeClean - Crop Clean\" \/>\n<meta property=\"og:description\" content=\"La cantidad actual de residuos en nuestro mundo es un hecho muy preocupante para todos. Este problema est\u00e1 afectando a toda la humanidad y a todos los ecosistemas del planeta, siendo cada d\u00eda m\u00e1s urgente realizar acciones para reducir el problema actual e intentar disminuir el consumo de recursos actuales que derivar\u00e1n en futuros residuos. ... BeClean\" \/>\n<meta property=\"og:url\" content=\"https:\/\/www.cropclean.com\/int\/beclean\/\" \/>\n<meta property=\"og:site_name\" content=\"Crop Clean\" \/>\n<meta property=\"article:modified_time\" content=\"2024-02-28T10:46:29+00:00\" \/>\n<meta property=\"og:image\" content=\"http:\/\/cropclean.com\/int\/wp-content\/uploads\/2023\/11\/Grupo-32-1.png\" \/>\n<meta name=\"twitter:card\" content=\"summary_large_image\" \/>\n<meta name=\"twitter:label1\" content=\"Tiempo de lectura\" \/>\n\t<meta name=\"twitter:data1\" content=\"2 minutos\" \/>\n<script type=\"application\/ld+json\" class=\"yoast-schema-graph\">{\"@context\":\"https:\/\/schema.org\",\"@graph\":[{\"@type\":\"WebPage\",\"@id\":\"https:\/\/www.cropclean.com\/int\/beclean\/\",\"url\":\"https:\/\/www.cropclean.com\/int\/beclean\/\",\"name\":\"BeClean - Crop Clean\",\"isPartOf\":{\"@id\":\"https:\/\/www.cropclean.com\/int\/#website\"},\"primaryImageOfPage\":{\"@id\":\"https:\/\/www.cropclean.com\/int\/beclean\/#primaryimage\"},\"image\":{\"@id\":\"https:\/\/www.cropclean.com\/int\/beclean\/#primaryimage\"},\"thumbnailUrl\":\"http:\/\/cropclean.com\/int\/wp-content\/uploads\/2023\/11\/Grupo-32-1.png\",\"datePublished\":\"2023-11-15T10:39:19+00:00\",\"dateModified\":\"2024-02-28T10:46:29+00:00\",\"breadcrumb\":{\"@id\":\"https:\/\/www.cropclean.com\/int\/beclean\/#breadcrumb\"},\"inLanguage\":\"es\",\"potentialAction\":[{\"@type\":\"ReadAction\",\"target\":[\"https:\/\/www.cropclean.com\/int\/beclean\/\"]}]},{\"@type\":\"ImageObject\",\"inLanguage\":\"es\",\"@id\":\"https:\/\/www.cropclean.com\/int\/beclean\/#primaryimage\",\"url\":\"https:\/\/www.cropclean.com\/int\/wp-content\/uploads\/2023\/11\/Grupo-32-1.png\",\"contentUrl\":\"https:\/\/www.cropclean.com\/int\/wp-content\/uploads\/2023\/11\/Grupo-32-1.png\",\"width\":897,\"height\":596,\"caption\":\"Crop Clean\"},{\"@type\":\"BreadcrumbList\",\"@id\":\"https:\/\/www.cropclean.com\/int\/beclean\/#breadcrumb\",\"itemListElement\":[{\"@type\":\"ListItem\",\"position\":1,\"name\":\"Portada\",\"item\":\"https:\/\/www.cropclean.com\/int\/\"},{\"@type\":\"ListItem\",\"position\":2,\"name\":\"BeClean\"}]},{\"@type\":\"WebSite\",\"@id\":\"https:\/\/www.cropclean.com\/int\/#website\",\"url\":\"https:\/\/www.cropclean.com\/int\/\",\"name\":\"Crop Clean\",\"description\":\"Extractos naturales y ecol\u00f3gicos\",\"publisher\":{\"@id\":\"https:\/\/www.cropclean.com\/int\/#organization\"},\"potentialAction\":[{\"@type\":\"SearchAction\",\"target\":{\"@type\":\"EntryPoint\",\"urlTemplate\":\"https:\/\/www.cropclean.com\/int\/?s={search_term_string}\"},\"query-input\":\"required name=search_term_string\"}],\"inLanguage\":\"es\"},{\"@type\":\"Organization\",\"@id\":\"https:\/\/www.cropclean.com\/int\/#organization\",\"name\":\"Crop Clean\",\"url\":\"https:\/\/www.cropclean.com\/int\/\",\"logo\":{\"@type\":\"ImageObject\",\"inLanguage\":\"es\",\"@id\":\"https:\/\/www.cropclean.com\/int\/#\/schema\/logo\/image\/\",\"url\":\"http:\/\/cropclean.com\/int\/wp-content\/uploads\/2024\/02\/cropclean.png\",\"contentUrl\":\"http:\/\/cropclean.com\/int\/wp-content\/uploads\/2024\/02\/cropclean.png\",\"width\":477,\"height\":251,\"caption\":\"Crop Clean\"},\"image\":{\"@id\":\"https:\/\/www.cropclean.com\/int\/#\/schema\/logo\/image\/\"}}]}<\/script>\n<!-- \/ Yoast SEO plugin. -->","yoast_head_json":{"title":"BeClean - Crop Clean","robots":{"index":"index","follow":"follow","max-snippet":"max-snippet:-1","max-image-preview":"max-image-preview:large","max-video-preview":"max-video-preview:-1"},"canonical":"https:\/\/www.cropclean.com\/int\/beclean\/","og_locale":"es_ES","og_type":"article","og_title":"BeClean - Crop Clean","og_description":"La cantidad actual de residuos en nuestro mundo es un hecho muy preocupante para todos. Este problema est\u00e1 afectando a toda la humanidad y a todos los ecosistemas del planeta, siendo cada d\u00eda m\u00e1s urgente realizar acciones para reducir el problema actual e intentar disminuir el consumo de recursos actuales que derivar\u00e1n en futuros residuos. ... BeClean","og_url":"https:\/\/www.cropclean.com\/int\/beclean\/","og_site_name":"Crop Clean","article_modified_time":"2024-02-28T10:46:29+00:00","og_image":[{"url":"http:\/\/cropclean.com\/int\/wp-content\/uploads\/2023\/11\/Grupo-32-1.png"}],"twitter_card":"summary_large_image","twitter_misc":{"Tiempo de lectura":"2 minutos"},"schema":{"@context":"https:\/\/schema.org","@graph":[{"@type":"WebPage","@id":"https:\/\/www.cropclean.com\/int\/beclean\/","url":"https:\/\/www.cropclean.com\/int\/beclean\/","name":"BeClean - Crop Clean","isPartOf":{"@id":"https:\/\/www.cropclean.com\/int\/#website"},"primaryImageOfPage":{"@id":"https:\/\/www.cropclean.com\/int\/beclean\/#primaryimage"},"image":{"@id":"https:\/\/www.cropclean.com\/int\/beclean\/#primaryimage"},"thumbnailUrl":"http:\/\/cropclean.com\/int\/wp-content\/uploads\/2023\/11\/Grupo-32-1.png","datePublished":"2023-11-15T10:39:19+00:00","dateModified":"2024-02-28T10:46:29+00:00","breadcrumb":{"@id":"https:\/\/www.cropclean.com\/int\/beclean\/#breadcrumb"},"inLanguage":"es","potentialAction":[{"@type":"ReadAction","target":["https:\/\/www.cropclean.com\/int\/beclean\/"]}]},{"@type":"ImageObject","inLanguage":"es","@id":"https:\/\/www.cropclean.com\/int\/beclean\/#primaryimage","url":"https:\/\/www.cropclean.com\/int\/wp-content\/uploads\/2023\/11\/Grupo-32-1.png","contentUrl":"https:\/\/www.cropclean.com\/int\/wp-content\/uploads\/2023\/11\/Grupo-32-1.png","width":897,"height":596,"caption":"Crop Clean"},{"@type":"BreadcrumbList","@id":"https:\/\/www.cropclean.com\/int\/beclean\/#breadcrumb","itemListElement":[{"@type":"ListItem","position":1,"name":"Portada","item":"https:\/\/www.cropclean.com\/int\/"},{"@type":"ListItem","position":2,"name":"BeClean"}]},{"@type":"WebSite","@id":"https:\/\/www.cropclean.com\/int\/#website","url":"https:\/\/www.cropclean.com\/int\/","name":"Crop Clean","description":"Extractos naturales y ecol\u00f3gicos","publisher":{"@id":"https:\/\/www.cropclean.com\/int\/#organization"},"potentialAction":[{"@type":"SearchAction","target":{"@type":"EntryPoint","urlTemplate":"https:\/\/www.cropclean.com\/int\/?s={search_term_string}"},"query-input":"required name=search_term_string"}],"inLanguage":"es"},{"@type":"Organization","@id":"https:\/\/www.cropclean.com\/int\/#organization","name":"Crop Clean","url":"https:\/\/www.cropclean.com\/int\/","logo":{"@type":"ImageObject","inLanguage":"es","@id":"https:\/\/www.cropclean.com\/int\/#\/schema\/logo\/image\/","url":"http:\/\/cropclean.com\/int\/wp-content\/uploads\/2024\/02\/cropclean.png","contentUrl":"http:\/\/cropclean.com\/int\/wp-content\/uploads\/2024\/02\/cropclean.png","width":477,"height":251,"caption":"Crop Clean"},"image":{"@id":"https:\/\/www.cropclean.com\/int\/#\/schema\/logo\/image\/"}}]}},"meta_box":{"crop_clean_main_title":"#BECLEAN","crop_clean_all_products_page":"0","crop_clean_page_taxonomy":[],"crop_clean_main_color":"#9567a7","crop_clean_main_header_image":[{"width":150,"height":150,"file":"leaf_beclean_Mesa-de-trabajo-1.svg","sizes":{"woocommerce_thumbnail":{"width":false,"height":false,"crop":false,"file":"leaf_beclean_Mesa-de-trabajo-1.svg","mime-type":"image\/svg+xml","uncropped":false,"url":"https:\/\/www.cropclean.com\/int\/wp-content\/uploads\/2023\/12\/leaf_beclean_Mesa-de-trabajo-1.svg"},"woocommerce_gallery_thumbnail":{"width":false,"height":false,"crop":false,"file":"leaf_beclean_Mesa-de-trabajo-1.svg","mime-type":"image\/svg+xml","url":"https:\/\/www.cropclean.com\/int\/wp-content\/uploads\/2023\/12\/leaf_beclean_Mesa-de-trabajo-1.svg"},"woocommerce_single":{"width":false,"height":false,"crop":false,"file":"leaf_beclean_Mesa-de-trabajo-1.svg","mime-type":"image\/svg+xml","url":"https:\/\/www.cropclean.com\/int\/wp-content\/uploads\/2023\/12\/leaf_beclean_Mesa-de-trabajo-1.svg"},"thumbnail":{"width":"150","height":"150","crop":"1","file":"leaf_beclean_Mesa-de-trabajo-1.svg","mime-type":"image\/svg+xml","url":"https:\/\/www.cropclean.com\/int\/wp-content\/uploads\/2023\/12\/leaf_beclean_Mesa-de-trabajo-1.svg"},"medium":{"width":"300","height":"300","crop":false,"file":"leaf_beclean_Mesa-de-trabajo-1.svg","mime-type":"image\/svg+xml","url":"https:\/\/www.cropclean.com\/int\/wp-content\/uploads\/2023\/12\/leaf_beclean_Mesa-de-trabajo-1.svg"},"medium_large":{"width":"768","height":"0","crop":false,"file":"leaf_beclean_Mesa-de-trabajo-1.svg","mime-type":"image\/svg+xml","url":"https:\/\/www.cropclean.com\/int\/wp-content\/uploads\/2023\/12\/leaf_beclean_Mesa-de-trabajo-1.svg"},"large":{"width":"1024","height":"1024","crop":false,"file":"leaf_beclean_Mesa-de-trabajo-1.svg","mime-type":"image\/svg+xml","url":"https:\/\/www.cropclean.com\/int\/wp-content\/uploads\/2023\/12\/leaf_beclean_Mesa-de-trabajo-1.svg"},"1536x1536":{"width":false,"height":false,"crop":false,"file":"leaf_beclean_Mesa-de-trabajo-1.svg","mime-type":"image\/svg+xml","url":"https:\/\/www.cropclean.com\/int\/wp-content\/uploads\/2023\/12\/leaf_beclean_Mesa-de-trabajo-1.svg"},"2048x2048":{"width":false,"height":false,"crop":false,"file":"leaf_beclean_Mesa-de-trabajo-1.svg","mime-type":"image\/svg+xml","url":"https:\/\/www.cropclean.com\/int\/wp-content\/uploads\/2023\/12\/leaf_beclean_Mesa-de-trabajo-1.svg"}},"ID":"638","name":"leaf_beclean_Mesa-de-trabajo-1.svg","path":"\/home\/u293175638\/domains\/cropclean.com\/public_html\/int\/wp-content\/uploads\/2023\/12\/leaf_beclean_Mesa-de-trabajo-1.svg","url":"https:\/\/www.cropclean.com\/int\/wp-content\/uploads\/2023\/12\/leaf_beclean_Mesa-de-trabajo-1.svg","full_url":"https:\/\/www.cropclean.com\/int\/wp-content\/uploads\/2023\/12\/leaf_beclean_Mesa-de-trabajo-1.svg","title":"Be Clean - Flowers","caption":"Be Clean - Flowers","description":"Be Clean - Flowers","alt":"Be Clean - Flowers","srcset":false}],"crop_clean_main_footer_image":[{"width":150,"height":150,"file":"2023\/11\/Grupo-70-1.png","filesize":19759,"sizes":{"woocommerce_thumbnail":{"file":"Grupo-70-1-300x300.png","width":300,"height":300,"mime-type":"image\/png","filesize":14285,"uncropped":false,"url":"https:\/\/www.cropclean.com\/int\/wp-content\/uploads\/2023\/11\/Grupo-70-1-300x300.png"},"woocommerce_gallery_thumbnail":{"file":"Grupo-70-1-100x100.png","width":100,"height":100,"mime-type":"image\/png","filesize":3177,"url":"https:\/\/www.cropclean.com\/int\/wp-content\/uploads\/2023\/11\/Grupo-70-1-100x100.png"},"woocommerce_single":{"file":"Grupo-70-1-600x267.png","width":600,"height":267,"mime-type":"image\/png","filesize":80266,"url":"https:\/\/www.cropclean.com\/int\/wp-content\/uploads\/2023\/11\/Grupo-70-1-600x267.png"},"medium":{"file":"Grupo-70-1-300x133.png","width":300,"height":133,"mime-type":"image\/png","filesize":16061,"url":"https:\/\/www.cropclean.com\/int\/wp-content\/uploads\/2023\/11\/Grupo-70-1-300x133.png"},"large":{"file":"Grupo-70-1-1024x456.png","width":1024,"height":456,"mime-type":"image\/png","filesize":227849,"url":"https:\/\/www.cropclean.com\/int\/wp-content\/uploads\/2023\/11\/Grupo-70-1-1024x456.png"},"thumbnail":{"file":"Grupo-70-1-150x150.png","width":150,"height":150,"mime-type":"image\/png","filesize":5953,"url":"https:\/\/www.cropclean.com\/int\/wp-content\/uploads\/2023\/11\/Grupo-70-1-150x150.png"}},"image_meta":{"aperture":"0","credit":"","camera":"","caption":"","created_timestamp":"0","copyright":"","focal_length":"0","iso":"0","shutter_speed":"0","title":"","orientation":"0","keywords":[]},"ID":"147","name":"Grupo-70-1.png","path":"\/home\/u293175638\/domains\/cropclean.com\/public_html\/int\/wp-content\/uploads\/2023\/11\/Grupo-70-1.png","url":"https:\/\/www.cropclean.com\/int\/wp-content\/uploads\/2023\/11\/Grupo-70-1-150x150.png","full_url":"https:\/\/www.cropclean.com\/int\/wp-content\/uploads\/2023\/11\/Grupo-70-1.png","title":"Crop Clean","caption":"Crop Clean","description":"Crop Clean","alt":"Crop Clean","srcset":"https:\/\/www.cropclean.com\/int\/wp-content\/uploads\/2023\/11\/Grupo-70-1-150x150.png 150w, https:\/\/www.cropclean.com\/int\/wp-content\/uploads\/2023\/11\/Grupo-70-1-300x300.png 300w, https:\/\/www.cropclean.com\/int\/wp-content\/uploads\/2023\/11\/Grupo-70-1-100x100.png 100w"}],"crop_clean_main_header_video":[],"crop_clean_main_header_videopreview":[]},"_links":{"self":[{"href":"https:\/\/www.cropclean.com\/int\/wp-json\/wp\/v2\/pages\/145"}],"collection":[{"href":"https:\/\/www.cropclean.com\/int\/wp-json\/wp\/v2\/pages"}],"about":[{"href":"https:\/\/www.cropclean.com\/int\/wp-json\/wp\/v2\/types\/page"}],"author":[{"embeddable":true,"href":"https:\/\/www.cropclean.com\/int\/wp-json\/wp\/v2\/users\/1"}],"replies":[{"embeddable":true,"href":"https:\/\/www.cropclean.com\/int\/wp-json\/wp\/v2\/comments?post=145"}],"version-history":[{"count":69,"href":"https:\/\/www.cropclean.com\/int\/wp-json\/wp\/v2\/pages\/145\/revisions"}],"predecessor-version":[{"id":1192,"href":"https:\/\/www.cropclean.com\/int\/wp-json\/wp\/v2\/pages\/145\/revisions\/1192"}],"wp:attachment":[{"href":"https:\/\/www.cropclean.com\/int\/wp-json\/wp\/v2\/media?parent=145"}],"curies":[{"name":"wp","href":"https:\/\/api.w.org\/{rel}","templated":true}]}}