{"id":112,"date":"2023-11-14T13:50:14","date_gmt":"2023-11-14T13:50:14","guid":{"rendered":"http:\/\/cropclean.com\/int\/?page_id=112"},"modified":"2024-02-29T13:47:36","modified_gmt":"2024-02-29T13:47:36","slug":"politica-de-cookies","status":"publish","type":"page","link":"https:\/\/www.cropclean.com\/int\/politica-de-cookies\/","title":{"rendered":"Pol\u00edtica de cookies"},"content":{"rendered":"\t\t<div data-elementor-type=\"wp-page\" data-elementor-id=\"112\" class=\"elementor elementor-112\">\n\t\t\t\t<div class=\"elementor-element elementor-element-24b4078 e-flex e-con-boxed e-con e-parent\" data-id=\"24b4078\" data-element_type=\"container\" data-settings=\"{&quot;container_type&quot;:&quot;flex&quot;,&quot;content_width&quot;:&quot;boxed&quot;}\" data-core-v316-plus=\"true\">\n\t\t\t\t\t<div class=\"e-con-inner\">\n\t\t\t\t<div class=\"elementor-element elementor-element-3b68efb cropclean-legals elementor-widget elementor-widget-text-editor\" data-id=\"3b68efb\" data-element_type=\"widget\" data-widget_type=\"text-editor.default\">\n\t\t\t\t<div class=\"elementor-widget-container\">\n\t\t\t<style>\/*! elementor - v3.19.0 - 26-02-2024 *\/\n.elementor-widget-text-editor.elementor-drop-cap-view-stacked .elementor-drop-cap{background-color:#69727d;color:#fff}.elementor-widget-text-editor.elementor-drop-cap-view-framed .elementor-drop-cap{color:#69727d;border:3px solid;background-color:transparent}.elementor-widget-text-editor:not(.elementor-drop-cap-view-default) .elementor-drop-cap{margin-top:8px}.elementor-widget-text-editor:not(.elementor-drop-cap-view-default) .elementor-drop-cap-letter{width:1em;height:1em}.elementor-widget-text-editor .elementor-drop-cap{float:left;text-align:center;line-height:1;font-size:50px}.elementor-widget-text-editor .elementor-drop-cap-letter{display:inline-block}<\/style>\t\t\t\t<p>En esta web se utilizan cookies de terceros y propias para conseguir que tengas una mejor experiencia de navegaci\u00f3n, puedas compartir contenido en redes sociales y para que podamos obtener estad\u00edsticas de los usuarios.<\/p><p>Puedes evitar la descarga de cookies a trav\u00e9s de la configuraci\u00f3n de tu navegador, evitando que las cookies se almacenen en su dispositivo.<\/p><p>Como propietario de este sitio web, te comunico que no utilizamos ninguna informaci\u00f3n personal procedente de cookies, tan s\u00f3lo realizamos estad\u00edsticas generales de visitas que no suponen ninguna informaci\u00f3n personal.<\/p><p>Es muy importante que leas la presente pol\u00edtica de cookies y comprendas que, \u00fanicamente se almacenar\u00e1n en tu dispositivo las cookies necesarias para la navegaci\u00f3n. El resto de cookies se instalar\u00e1n siempre y cuando lo consientas expresamente.<\/p><p>Seg\u00fan los t\u00e9rminos incluidos en el art\u00edculo 22.2 de la Ley 34\/2002 de Servicios de la Sociedad de la Informaci\u00f3n y Comercio Electr\u00f3nico, si contin\u00faas navegando, estar\u00e1s prestando tu consentimiento para el empleo de los referidos mecanismos.<\/p><h3>Entidad Responsable<\/h3><p>La entidad responsable de la recogida, procesamiento y utilizaci\u00f3n de tus datos personales, en el sentido establecido por la Ley de Protecci\u00f3n de Datos personales, es la p\u00e1gina www.cropclean.com propiedad de CROPCLEAN SL, y direcci\u00f3n en C7 de la Casa Nova, 17 , 08170-MONTORN\u00c9S DEL VALL\u00c9S (Barcelona)<\/p><h3>\u00bfQu\u00e9 son las cookies?<\/h3><p>Las cookies son un conjunto de datos que un servidor deposita en el navegador del usuario para recoger la informaci\u00f3n de registro est\u00e1ndar de Internet y la informaci\u00f3n del comportamiento de los visitantes en un sitio web. Es decir, se trata de peque\u00f1os archivos de texto que quedan almacenados en el disco duro del ordenador y que sirven para identificar al usuario cuando se conecta nuevamente al sitio web. Su objetivo es registrar la visita del usuario y guardar cierta informaci\u00f3n. Su uso es com\u00fan y frecuente en la web ya que permite a las p\u00e1ginas funcionar de manera m\u00e1s eficiente y conseguir una mayor personalizaci\u00f3n y an\u00e1lisis sobre el comportamiento del usuario.<\/p><h3>\u00bfQu\u00e9 tipo de cookies existen?<\/h3><p>Las cookies utilizadas en nuestro sitio web, son de sesi\u00f3n y de terceros, y nos permiten almacenar y acceder a informaci\u00f3n relativa al idioma, el tipo de navegador utilizado, y otras caracter\u00edsticas generales predefinidas por el usuario, as\u00ed como, seguir y analizar la actividad que lleva a cabo, con el objeto de introducir mejoras y prestar nuestros servicios de una manera m\u00e1s eficiente y personalizada.<\/p><p>Las cookies, en funci\u00f3n de su permanencia, pueden dividirse en cookies de sesi\u00f3n o permanentes. Las que expiran cuando el usuario cierra el navegador. Las que expiran en funci\u00f3n de cuando se cumpla el objetivo para el que sirven (por ejemplo, para que el usuario se mantenga identificado en los servicios de CROPCLEAN SL o bien cuando se borran manualmente.<\/p><p>Adicionalmente, en funci\u00f3n de su objetivo, las cookies pueden clasificarse de la siguiente forma:<\/p><div class=\"cookieyes-list\">Cookies Table<\/div>\n\t\t<script type=\"text\/javascript\">\n\t\t\tjQuery(document).ready(function() {\n\t\t\t\tbindCookieYesTable();\n\t\t\t});\n\t\t\tfunction bindCookieYesTable() {\n\t\t\t\t$table = jQuery(\".cky-preference-center .cky-accordion-wrapper\");\n\t\t\t\tjQuery(\".cookieyes-list\").html(jQuery($table).html());\n\t\t\t}\n\t\t<\/script>\n\t\t<style type=\"text\/css\" rel=\"cropclean\/cookie\/table\">\n\t\t\t.cookieyes-list .cky-accordion{border:none;}\n\t\t\t.cookieyes-list .cky-always-active {display:none;}\n\t\t\t.cookieyes-list .cky-switch{display:none;}\n\t\t\t.cookieyes-list .cky-audit-table{background-color:transparent!important;}\n\t\t\t.cookieyes-list .cky-accordion .cky-accordion-body{display:flex;}\n\t\t\t.cookieyes-list .cky-accordion-btn{color:var(--main-color)!important;}\n\t\t\t.cookieyes-list .cky-accordion-chevron{margin:0px;color:var(--main-color)!important;}\n\t\t\t.cookieyes-list .cky-cookie-des-table li > div {font-size: clamp(14px, 0.5vw, 0.5vw) !important;color:var(--main-color)!important;}\n\t\t\t.cookieyes-list p{color:var(--main-color)!important;font-size: clamp(14px, 0.5vw, 0.5vw) !important;}\n\t\t\t.cookieyes-list .cky-cookie-des-table{border-bottom:none}\n\t\t<\/style>\n\n\t<h3>Cookies de rendimiento<\/h3><p>Este tipo de Cookie recuerda sus preferencias para las herramientas que se encuentran en los servicios, por lo que no tiene que volver a configurar el servicio cada vez que usted visita. A modo de ejemplo, en esta tipolog\u00eda se incluyen: Ajustes de volumen de reproductores de v\u00eddeo o sonido. Las velocidades de transmisi\u00f3n de v\u00eddeo que sean compatibles con su navegador. Los objetos guardados en el \u201ccarrito de la compra\u201d en los servicios de e-commerce tales como tiendas.<\/p><h3>Cookies de geo-localizaci\u00f3n<\/h3><p>Estas cookies son utilizadas para averiguar en qu\u00e9 pa\u00eds se encuentra cuando se solicita un servicio. Esta cookie es totalmente an\u00f3nima, y s\u00f3lo se utiliza para ayudar a orientar el contenido a su ubicaci\u00f3n.<\/p><h3>Cookies de registro<\/h3><p>Las cookies de registro se generan una vez que el usuario se ha registrado o posteriormente ha abierto su sesi\u00f3n, y se utilizan para identificarle en los servicios con los siguientes objetivos:<\/p><p>Mantener al usuario identificado de forma que, si cierra un servicio, el navegador o el ordenador y en otro momento u otro d\u00eda vuelve a entrar en dicho servicio, seguir\u00e1 identificado, facilitando as\u00ed su navegaci\u00f3n sin tener que volver a identificarse. Esta funcionalidad se puede suprimir si el usuario pulsa la funcionalidad [cerrar sesi\u00f3n], de forma que esta cookie se elimina y la pr\u00f3xima vez que entre en el servicio el usuario tendr\u00e1 que iniciar sesi\u00f3n para estar identificado.<\/p><p>Comprobar si el usuario est\u00e1 autorizado para acceder a ciertos servicios, por ejemplo, para participar en un concurso.<\/p><p>Adicionalmente, algunos servicios pueden utilizar conectores con redes sociales tales como Facebook o Twitter. Cuando el usuario se registra en un servicio con credenciales de una red social, autoriza a la red social a guardar una Cookie persistente que recuerda su identidad y le garantiza acceso a los servicios hasta que expira. El usuario puede borrar esta Cookie y revocar el acceso a los servicios mediante redes sociales actualizando sus preferencias en la red social que espec\u00edfica.<\/p><h3>Cookies anal\u00edticas<\/h3><p>Cada vez que un usuario visita un servicio, una herramienta de un proveedor externo genera una cookie anal\u00edtica en el ordenador del usuario. Esta cookie que s\u00f3lo se genera en la visita, servir\u00e1 en pr\u00f3ximas visitas a los servicios de CROPCLEAN SL, para identificar de forma an\u00f3nima al visitante. Los objetivos principales que se persiguen son:<\/p><p>Permitir la identificaci\u00f3n an\u00f3nima de los usuarios navegantes a trav\u00e9s de la cookie (identifica navegadores y dispositivos, no personas) y por lo tanto la contabilizaci\u00f3n aproximada del n\u00famero de visitantes y su tendencia en el tiempo.<\/p><p>Identificar de forma an\u00f3nima los contenidos m\u00e1s visitados y por lo tanto m\u00e1s atractivos para los usuarios Saber si el usuario que est\u00e1 accediendo es nuevo o repite visita.<\/p><p>Importante: Salvo que el usuario decida registrarse en un servicio CROPCLEAN SL, la cookie nunca ir\u00e1 asociada a ning\u00fan dato de car\u00e1cter personal que pueda identificarle. Dichas cookies s\u00f3lo ser\u00e1n utilizadas con prop\u00f3sitos estad\u00edsticos que ayuden a la optimizaci\u00f3n de la experiencia de los usuarios en el sitio.<\/p><h3>Cookies de publicidad<\/h3><p>Este tipo de cookies permiten ampliar la informaci\u00f3n de los anuncios mostrados a cada usuario an\u00f3nimo en los servicios de CROPCLEAN SL Entre otros, se almacena la duraci\u00f3n o frecuencia de visualizaci\u00f3n de posiciones publicitarias, la interacci\u00f3n con las mismas, o los patrones de navegaci\u00f3n y\/o comportamientos del usuario ya que ayudan a conformar un perfil de inter\u00e9s publicitario. De este modo, permiten ofrecer publicidad af\u00edn a los intereses del usuario.<\/p><p><strong>Cookies publicitarias de terceros<\/strong><br \/>Adem\u00e1s de la publicidad gestionada por las webs CROPCLEAN SL en sus servicios, las webs de CROPCLEAN SL ofrecen a sus anunciantes la opci\u00f3n de servir anuncios a trav\u00e9s de terceros (\u201cAd- Servers\u201d). De este modo, estos terceros pueden almacenar cookies enviadas desde los servicios de CROPCLEAN SL procedentes de los navegadores de los usuarios, as\u00ed como acceder a los datos que en ellas se guardan.<\/p><h3>\u00bfComo puedo deshabilitar las cookies en mi navegador?<\/h3><p>Se pueden configurar los diferentes navegadores para avisar al usuario de la recepci\u00f3n de cookies y, si se desea, impedir su instalaci\u00f3n en el equipo. Asimismo, el usuario puede revisar en su navegador qu\u00e9 cookies tiene instaladas y cu\u00e1l es el plazo de caducidad de las mismas, pudiendo eliminarlas.<\/p><p>Para ampliar esta informaci\u00f3n consulte las instrucciones y manuales de su navegador:<\/p><p>Para m\u00e1s informaci\u00f3n sobre la administraci\u00f3n de las cookies en Google Chrome: https:\/\/support.google.com\/chrome\/answer\/95647?hl=es<\/p><p>Para m\u00e1s informaci\u00f3n sobre la administraci\u00f3n de las cookies en Internet Explore:<br \/>https:\/\/support.microsoft.com\/es-es\/windows\/eliminar-y-administrar-cookies-168dab11-0753-043d-7c16-ede5947fc64d#:~:text=En%20Internet%20Explorer%2C%20seleccione%20el,si%20prefieres%20que%20te%20pregunten.<\/p><p>Para m\u00e1s informaci\u00f3n sobre la administraci\u00f3n de las cookies en Mozilla Firefox:<br \/>http:\/\/windows.microsoft.com\/es-es\/windows-vista\/cookies-frequently-asked- questions<\/p><p>Para m\u00e1s informaci\u00f3n sobre la administraci\u00f3n de las cookies en Safari: http:\/\/www.apple.com\/es\/privacy\/use-of-cookies\/<\/p><p>Para m\u00e1s informaci\u00f3n sobre la administraci\u00f3n de las cookies en Opera: http:\/\/help.opera.com\/Windows\/11.50\/es-ES\/cookies.html<\/p><p>Si desea dejar de ser seguido por Google Analytics visite:<br \/>http:\/\/tools.google.com\/dlpage\/gaoptout<\/p>\t\t\t\t\t\t<\/div>\n\t\t\t\t<\/div>\n\t\t\t\t\t<\/div>\n\t\t\t\t<\/div>\n\t\t\t\t<\/div>\n\t\t","protected":false},"excerpt":{"rendered":"<p>En esta web se utilizan cookies de terceros y propias para conseguir que tengas una mejor experiencia de navegaci\u00f3n, puedas compartir contenido en redes sociales y para que podamos obtener estad\u00edsticas de los usuarios. Puedes evitar la descarga de cookies a trav\u00e9s de la configuraci\u00f3n de tu navegador, evitando que las cookies se almacenen en <a href=\"https:\/\/www.cropclean.com\/int\/politica-de-cookies\/\" class=\"more-link\">&#8230;<span class=\"screen-reader-text\">  Pol\u00edtica de cookies<\/span><\/a><\/p>\n","protected":false},"author":1,"featured_media":0,"parent":0,"menu_order":0,"comment_status":"closed","ping_status":"closed","template":"","meta":{"inline_featured_image":false,"footnotes":""},"yoast_head":"<!-- This site is optimized with the Yoast SEO plugin v22.2 - https:\/\/yoast.com\/wordpress\/plugins\/seo\/ -->\n<title>Pol\u00edtica de cookies - Crop Clean<\/title>\n<meta name=\"robots\" content=\"index, follow, max-snippet:-1, max-image-preview:large, max-video-preview:-1\" \/>\n<link rel=\"canonical\" href=\"https:\/\/www.cropclean.com\/int\/politica-de-cookies\/\" \/>\n<meta property=\"og:locale\" content=\"es_ES\" \/>\n<meta property=\"og:type\" content=\"article\" \/>\n<meta property=\"og:title\" content=\"Pol\u00edtica de cookies - Crop Clean\" \/>\n<meta property=\"og:description\" content=\"En esta web se utilizan cookies de terceros y propias para conseguir que tengas una mejor experiencia de navegaci\u00f3n, puedas compartir contenido en redes sociales y para que podamos obtener estad\u00edsticas de los usuarios. Puedes evitar la descarga de cookies a trav\u00e9s de la configuraci\u00f3n de tu navegador, evitando que las cookies se almacenen en ... Pol\u00edtica de cookies\" \/>\n<meta property=\"og:url\" content=\"https:\/\/www.cropclean.com\/int\/politica-de-cookies\/\" \/>\n<meta property=\"og:site_name\" content=\"Crop Clean\" \/>\n<meta property=\"article:modified_time\" content=\"2024-02-29T13:47:36+00:00\" \/>\n<meta name=\"twitter:card\" content=\"summary_large_image\" \/>\n<meta name=\"twitter:label1\" content=\"Tiempo de lectura\" \/>\n\t<meta name=\"twitter:data1\" content=\"6 minutos\" \/>\n<script type=\"application\/ld+json\" class=\"yoast-schema-graph\">{\"@context\":\"https:\/\/schema.org\",\"@graph\":[{\"@type\":\"WebPage\",\"@id\":\"https:\/\/www.cropclean.com\/int\/politica-de-cookies\/\",\"url\":\"https:\/\/www.cropclean.com\/int\/politica-de-cookies\/\",\"name\":\"Pol\u00edtica de cookies - Crop Clean\",\"isPartOf\":{\"@id\":\"https:\/\/www.cropclean.com\/int\/#website\"},\"datePublished\":\"2023-11-14T13:50:14+00:00\",\"dateModified\":\"2024-02-29T13:47:36+00:00\",\"breadcrumb\":{\"@id\":\"https:\/\/www.cropclean.com\/int\/politica-de-cookies\/#breadcrumb\"},\"inLanguage\":\"es\",\"potentialAction\":[{\"@type\":\"ReadAction\",\"target\":[\"https:\/\/www.cropclean.com\/int\/politica-de-cookies\/\"]}]},{\"@type\":\"BreadcrumbList\",\"@id\":\"https:\/\/www.cropclean.com\/int\/politica-de-cookies\/#breadcrumb\",\"itemListElement\":[{\"@type\":\"ListItem\",\"position\":1,\"name\":\"Portada\",\"item\":\"https:\/\/www.cropclean.com\/int\/\"},{\"@type\":\"ListItem\",\"position\":2,\"name\":\"Pol\u00edtica de cookies\"}]},{\"@type\":\"WebSite\",\"@id\":\"https:\/\/www.cropclean.com\/int\/#website\",\"url\":\"https:\/\/www.cropclean.com\/int\/\",\"name\":\"Crop Clean\",\"description\":\"Extractos naturales y ecol\u00f3gicos\",\"publisher\":{\"@id\":\"https:\/\/www.cropclean.com\/int\/#organization\"},\"potentialAction\":[{\"@type\":\"SearchAction\",\"target\":{\"@type\":\"EntryPoint\",\"urlTemplate\":\"https:\/\/www.cropclean.com\/int\/?s={search_term_string}\"},\"query-input\":\"required name=search_term_string\"}],\"inLanguage\":\"es\"},{\"@type\":\"Organization\",\"@id\":\"https:\/\/www.cropclean.com\/int\/#organization\",\"name\":\"Crop Clean\",\"url\":\"https:\/\/www.cropclean.com\/int\/\",\"logo\":{\"@type\":\"ImageObject\",\"inLanguage\":\"es\",\"@id\":\"https:\/\/www.cropclean.com\/int\/#\/schema\/logo\/image\/\",\"url\":\"http:\/\/cropclean.com\/int\/wp-content\/uploads\/2024\/02\/cropclean.png\",\"contentUrl\":\"http:\/\/cropclean.com\/int\/wp-content\/uploads\/2024\/02\/cropclean.png\",\"width\":477,\"height\":251,\"caption\":\"Crop Clean\"},\"image\":{\"@id\":\"https:\/\/www.cropclean.com\/int\/#\/schema\/logo\/image\/\"}}]}<\/script>\n<!-- \/ Yoast SEO plugin. -->","yoast_head_json":{"title":"Pol\u00edtica de cookies - Crop Clean","robots":{"index":"index","follow":"follow","max-snippet":"max-snippet:-1","max-image-preview":"max-image-preview:large","max-video-preview":"max-video-preview:-1"},"canonical":"https:\/\/www.cropclean.com\/int\/politica-de-cookies\/","og_locale":"es_ES","og_type":"article","og_title":"Pol\u00edtica de cookies - Crop Clean","og_description":"En esta web se utilizan cookies de terceros y propias para conseguir que tengas una mejor experiencia de navegaci\u00f3n, puedas compartir contenido en redes sociales y para que podamos obtener estad\u00edsticas de los usuarios. Puedes evitar la descarga de cookies a trav\u00e9s de la configuraci\u00f3n de tu navegador, evitando que las cookies se almacenen en ... Pol\u00edtica de cookies","og_url":"https:\/\/www.cropclean.com\/int\/politica-de-cookies\/","og_site_name":"Crop Clean","article_modified_time":"2024-02-29T13:47:36+00:00","twitter_card":"summary_large_image","twitter_misc":{"Tiempo de lectura":"6 minutos"},"schema":{"@context":"https:\/\/schema.org","@graph":[{"@type":"WebPage","@id":"https:\/\/www.cropclean.com\/int\/politica-de-cookies\/","url":"https:\/\/www.cropclean.com\/int\/politica-de-cookies\/","name":"Pol\u00edtica de cookies - Crop Clean","isPartOf":{"@id":"https:\/\/www.cropclean.com\/int\/#website"},"datePublished":"2023-11-14T13:50:14+00:00","dateModified":"2024-02-29T13:47:36+00:00","breadcrumb":{"@id":"https:\/\/www.cropclean.com\/int\/politica-de-cookies\/#breadcrumb"},"inLanguage":"es","potentialAction":[{"@type":"ReadAction","target":["https:\/\/www.cropclean.com\/int\/politica-de-cookies\/"]}]},{"@type":"BreadcrumbList","@id":"https:\/\/www.cropclean.com\/int\/politica-de-cookies\/#breadcrumb","itemListElement":[{"@type":"ListItem","position":1,"name":"Portada","item":"https:\/\/www.cropclean.com\/int\/"},{"@type":"ListItem","position":2,"name":"Pol\u00edtica de cookies"}]},{"@type":"WebSite","@id":"https:\/\/www.cropclean.com\/int\/#website","url":"https:\/\/www.cropclean.com\/int\/","name":"Crop Clean","description":"Extractos naturales y ecol\u00f3gicos","publisher":{"@id":"https:\/\/www.cropclean.com\/int\/#organization"},"potentialAction":[{"@type":"SearchAction","target":{"@type":"EntryPoint","urlTemplate":"https:\/\/www.cropclean.com\/int\/?s={search_term_string}"},"query-input":"required name=search_term_string"}],"inLanguage":"es"},{"@type":"Organization","@id":"https:\/\/www.cropclean.com\/int\/#organization","name":"Crop Clean","url":"https:\/\/www.cropclean.com\/int\/","logo":{"@type":"ImageObject","inLanguage":"es","@id":"https:\/\/www.cropclean.com\/int\/#\/schema\/logo\/image\/","url":"http:\/\/cropclean.com\/int\/wp-content\/uploads\/2024\/02\/cropclean.png","contentUrl":"http:\/\/cropclean.com\/int\/wp-content\/uploads\/2024\/02\/cropclean.png","width":477,"height":251,"caption":"Crop Clean"},"image":{"@id":"https:\/\/www.cropclean.com\/int\/#\/schema\/logo\/image\/"}}]}},"meta_box":{"crop_clean_main_title":"Pol\u00edtica de <span> cookies <\/span>","crop_clean_all_products_page":"0","crop_clean_page_taxonomy":[],"crop_clean_main_color":"","crop_clean_main_header_image":[],"crop_clean_main_footer_image":[{"width":150,"height":150,"file":"2024\/01\/footer_nou.png","filesize":11763,"sizes":{"medium":{"file":"footer_nou-300x133.png","width":300,"height":133,"mime-type":"image\/png","filesize":16222,"url":"https:\/\/www.cropclean.com\/int\/wp-content\/uploads\/2024\/01\/footer_nou-300x133.png"},"large":{"file":"footer_nou-1024x456.png","width":1024,"height":456,"mime-type":"image\/png","filesize":213981,"url":"https:\/\/www.cropclean.com\/int\/wp-content\/uploads\/2024\/01\/footer_nou-1024x456.png"},"thumbnail":{"file":"footer_nou-150x150.png","width":150,"height":150,"mime-type":"image\/png","filesize":5720,"url":"https:\/\/www.cropclean.com\/int\/wp-content\/uploads\/2024\/01\/footer_nou-150x150.png"},"woocommerce_thumbnail":{"file":"footer_nou-300x300.png","width":300,"height":300,"mime-type":"image\/png","filesize":13733,"uncropped":false,"url":"https:\/\/www.cropclean.com\/int\/wp-content\/uploads\/2024\/01\/footer_nou-300x300.png"},"woocommerce_single":{"file":"footer_nou-600x267.png","width":600,"height":267,"mime-type":"image\/png","filesize":79861,"url":"https:\/\/www.cropclean.com\/int\/wp-content\/uploads\/2024\/01\/footer_nou-600x267.png"},"woocommerce_gallery_thumbnail":{"file":"footer_nou-100x100.png","width":100,"height":100,"mime-type":"image\/png","filesize":3133,"url":"https:\/\/www.cropclean.com\/int\/wp-content\/uploads\/2024\/01\/footer_nou-100x100.png"}},"image_meta":{"aperture":"0","credit":"","camera":"","caption":"","created_timestamp":"0","copyright":"","focal_length":"0","iso":"0","shutter_speed":"0","title":"","orientation":"0","keywords":[]},"ID":"978","name":"footer_nou.png","path":"\/home\/u293175638\/domains\/cropclean.com\/public_html\/int\/wp-content\/uploads\/2024\/01\/footer_nou.png","url":"https:\/\/www.cropclean.com\/int\/wp-content\/uploads\/2024\/01\/footer_nou-150x150.png","full_url":"https:\/\/www.cropclean.com\/int\/wp-content\/uploads\/2024\/01\/footer_nou.png","title":"footer_nou","caption":"","description":"","alt":"","srcset":"https:\/\/www.cropclean.com\/int\/wp-content\/uploads\/2024\/01\/footer_nou-150x150.png 150w, https:\/\/www.cropclean.com\/int\/wp-content\/uploads\/2024\/01\/footer_nou-300x300.png 300w, https:\/\/www.cropclean.com\/int\/wp-content\/uploads\/2024\/01\/footer_nou-100x100.png 100w"}],"crop_clean_main_header_video":[],"crop_clean_main_header_videopreview":[]},"_links":{"self":[{"href":"https:\/\/www.cropclean.com\/int\/wp-json\/wp\/v2\/pages\/112"}],"collection":[{"href":"https:\/\/www.cropclean.com\/int\/wp-json\/wp\/v2\/pages"}],"about":[{"href":"https:\/\/www.cropclean.com\/int\/wp-json\/wp\/v2\/types\/page"}],"author":[{"embeddable":true,"href":"https:\/\/www.cropclean.com\/int\/wp-json\/wp\/v2\/users\/1"}],"replies":[{"embeddable":true,"href":"https:\/\/www.cropclean.com\/int\/wp-json\/wp\/v2\/comments?post=112"}],"version-history":[{"count":13,"href":"https:\/\/www.cropclean.com\/int\/wp-json\/wp\/v2\/pages\/112\/revisions"}],"predecessor-version":[{"id":1214,"href":"https:\/\/www.cropclean.com\/int\/wp-json\/wp\/v2\/pages\/112\/revisions\/1214"}],"wp:attachment":[{"href":"https:\/\/www.cropclean.com\/int\/wp-json\/wp\/v2\/media?parent=112"}],"curies":[{"name":"wp","href":"https:\/\/api.w.org\/{rel}","templated":true}]}}